{"id":579,"date":"2023-10-13T20:20:35","date_gmt":"2023-10-13T20:20:35","guid":{"rendered":"https:\/\/cesareturolla.com\/?page_id=579"},"modified":"2024-09-04T12:13:27","modified_gmt":"2024-09-04T12:13:27","slug":"agb","status":"publish","type":"page","link":"https:\/\/cesareturolla.com\/index.php\/agb\/","title":{"rendered":"Allgemeine Gesch\u00e4ftsbedingungen"},"content":{"rendered":"\t\t<div data-elementor-type=\"wp-page\" data-elementor-id=\"579\" class=\"elementor elementor-579\" data-elementor-post-type=\"page\">\n\t\t\t\t<div class=\"elementor-element elementor-element-288f812 e-flex e-con-boxed e-con e-parent\" data-id=\"288f812\" data-element_type=\"container\" data-e-type=\"container\">\n\t\t\t\t\t<div class=\"e-con-inner\">\n\t\t<div class=\"elementor-element elementor-element-2eb41b8 e-flex e-con-boxed e-con e-child\" data-id=\"2eb41b8\" data-element_type=\"container\" data-e-type=\"container\">\n\t\t\t\t\t<div class=\"e-con-inner\">\n\t\t\t\t<div class=\"elementor-element elementor-element-cd193e0 elementor-widget elementor-widget-text-editor\" data-id=\"cd193e0\" data-element_type=\"widget\" data-e-type=\"widget\" id=\"agb\" data-widget_type=\"text-editor.default\">\n\t\t\t\t<div class=\"elementor-widget-container\">\n\t\t\t\t\t\t\t\t\t<h3><span style=\"color: #fc5830;\"><b>Allgemeine Gesch\u00e4ftsbedingungen (AGB) von Wildheart Coaching<\/b><\/span><\/h3><div>\u00a0<\/div><h3><b><br \/>1. Geltungsbereich<br \/><\/b><\/h3><div><b>\u00a0<\/b><\/div><p><span style=\"color: #ffffff;\">F\u00fcr alle Bestellungen \u00fcber diese Webseite gelten die nachfolgenden Allgemeinen Gesch\u00e4ftsbedingungen (AGB).<\/span><\/p><p><span style=\"font-size: 15px; color: #ffffff; font-family: var( --e-global-typography-text-font-family ), Sans-serif;\">Als Kundin oder Kunde wird eine nat\u00fcrliche Person bezeichnet, welche mit Wildheart Coaching gesch\u00e4ftliche Beziehungen pflegt.<\/span><\/p><p><span style=\"font-size: 15px; color: #ffffff;\">Wildheart Coaching beh\u00e4lt sich das Recht vor, diese AGB jederzeit zu \u00e4ndern. Massgebend ist jeweils die zum Zeitpunkt der Anmeldung geltende Version dieser AGB, welche f\u00fcr diese Anmeldung nicht einseitig ge\u00e4ndert werden kann. Entgegenstehende oder von diesen AGB abweichende Bedingungen der Kundschaft werden nicht anerkannt.<\/span><\/p><p><span style=\"color: var( --e-global-color-text ); font-size: 15px;\"><span style=\"color: #ffffff;\">Der Betreiber dieses Internetauftritts ist <a style=\"color: #ffffff;\" href=\"https:\/\/www.wildheart-coaching.ch\/impressum\/\">Wildheart Coaching.<\/a><\/span><br \/><\/span><\/p><h3><b><br \/>2. Informationen auf dieser Webseite<\/b><\/h3><div><b>\u00a0<\/b><\/div><p><span style=\"color: #ffffff;\">Wildheart Coaching beinhaltet Informationen \u00fcber Dienstleistungen. Wildheart Coaching bem\u00fcht sich, s\u00e4mtliche Angaben und Informationen auf dieser Webseite korrekt, vollst\u00e4ndig, aktuell und \u00fcbersichtlich bereitzustellen, jedoch kann Wildheart Coaching weder ausdr\u00fccklich noch stillschweigend daf\u00fcr Gew\u00e4hr leisten.<\/span><\/p><p><span style=\"color: #ffffff;\"><span style=\"font-size: 15px;\">S\u00e4mtliche Angebote auf dieser Webseite gelten als freibleibend und sind nicht als verbindliche Offerte zu verstehen.\u00a0<\/span><span style=\"font-size: 15px;\">Wildheart Coaching kann keine Garantie abgeben, dass die aufgef\u00fchrten Dienstleistungen zum Zeitpunkt der Anmeldung verf\u00fcgbar sind. Daher sind alle Angaben zu Verf\u00fcgbarkeit ohne Gew\u00e4hr und k\u00f6nnen sich jederzeit und ohne Ank\u00fcndigung \u00e4ndern.<\/span><\/span><\/p><h3><b><br \/>3. Vertragsabschluss<\/b><\/h3><div><b>\u00a0<\/b><\/div><p><span style=\"color: #ffffff;\">Die Dienstleistungen auf dieser Webseite gelten als unverbindliche Angebote.\u00a0<span style=\"font-family: var( --e-global-typography-text-font-family ), Sans-serif; font-size: 15px;\">Mit der Zustimmung zum ausgehandelten Angebot beim Beratungsgespr\u00e4ch inklusive der Annahme dieser AGB gibt der Kunde ein rechtlich verbindliches Angebot zum Vertragsabschluss ab. Wo nicht anders vermerkt, gibt es kein R\u00fcckgabe- bzw. R\u00fccktrittsrecht.\u00a0<\/span><span style=\"font-size: 15px; font-family: var( --e-global-typography-text-font-family ), Sans-serif;\">Ist noch keine Zahlung erfolgt, wird der Kunde von der Zahlungspflicht befreit.<\/span><\/span><\/p><h3><b>4. Widerrufsrecht<\/b><\/h3><div><b>\u00a0<\/b><\/div><p>Sie haben das Recht, binnen vierzehn Tagen ohne Angabe von Gr\u00fcnden diesen Vertrag zu widerrufen. Die Widerrufsfrist betr\u00e4gt vierzehn Tage ab dem Tag des Vertragsabschlusses. Um Ihr Widerrufsrecht auszu\u00fcben, m\u00fcssen Sie Wildheart Coaching (Cesare Turolla, Bahnstrasse 37, 8400 Winterthur) mittels einer eindeutigen Erkl\u00e4rung (z. B. Brief oder E-Mail) \u00fcber Ihren Entschluss, diesen Vertrag zu widerrufen, formlos informieren. Zur Wahrung der Widerrufsfrist reicht es aus, dass Sie die Mitteilung \u00fcber die Aus\u00fcbung des Widerrufsrechts vor Ablauf der Widerrufsfrist absenden.<\/p><p>Folgen des Widerrufs: Wenn Sie diesen Vertrag widerrufen, haben wir Ihnen alle Zahlungen, die wir von Ihnen erhalten haben, unverz\u00fcglich und sp\u00e4testens binnen vierzehn Tagen ab dem Tag zur\u00fcckzuzahlen, an dem die Mitteilung \u00fcber Ihren Widerruf dieses Vertrags bei mir eingegangen ist. F\u00fcr diese R\u00fcckzahlung verwenden wir dasselbe Zahlungsmittel, das Sie bei der urspr\u00fcnglichen Transaktion eingesetzt haben, es sei denn, mit Ihnen wurde ausdr\u00fccklich etwas anderes vereinbart; in keinem Fall werden Ihnen wegen dieser R\u00fcckzahlung Entgelte berechnet.<\/p><p>Haben Sie verlangt, dass die Dienstleistungen w\u00e4hrend der Widerrufsfrist beginnen soll, so erlischt Ihr Anspruch auf Ihr Widerrufsrecht und es besteht kein Anspruch auf R\u00fcckerstattung der Zahlungen von Einzelberatungen.<\/p><p>Besonderer Hinweis: Ihr Widerrufsrecht erlischt vorzeitig, wenn der Vertrag von beiden Seiten auf Ihren ausdr\u00fccklichen Wunsch vollst\u00e4ndig erf\u00fcllt ist, bevor Sie Ihr Widerrufsrecht ausge\u00fcbt haben.<\/p><h3><b>5. Haftung<\/b><\/h3><div><b>\u00a0<\/b><\/div><p>Wildheart Coaching schliesst jede Haftung, unabh\u00e4ngig von ihrem Rechtsgrund, sowie Schadenersatzanspr\u00fcche gegen Wildheart Coaching und gegen allf\u00e4llige Hilfspersonen und Erf\u00fcllungsgehilfen aus. Wildheart Coaching haftet insbesondere nicht f\u00fcr indirekte Sch\u00e4den und Mangelfolgesch\u00e4den, entgangenen Gewinn oder sonstige Personen-, Sach- und reine Verm\u00f6genssch\u00e4den des Kunden. Vorbehalten bleibt eine weitergehende zwingende gesetzliche Haftung, beispielsweise f\u00fcr grobe Fahrl\u00e4ssigkeit oder rechtswidrige Absicht.<\/p><p>Wildheart Coaching benutzt Hyperlinks lediglich f\u00fcr den vereinfachten Zugang des Kunden zu anderen Webangeboten. Wildheart Coaching kann weder den Inhalt dieser Webangebote im Einzelnen kennen, noch die Haftung oder sonstige Verantwortung f\u00fcr die Inhalte dieser Webseiten \u00fcbernehmen.<\/p><h3><b>6. Datenschutz<\/b><\/h3><div><b>\u00a0<\/b><\/div><p>Wildheart Coaching darf die im Rahmen des Vertragsschlusses aufgenommenen Daten zur Erf\u00fcllung der Verpflichtungen aus dem Kaufvertrag verarbeiten und nutzen sowie zu Marketingzwecken verwenden.<\/p><p>Die Datenschutzbestimmungen sind im Einzelnen unter folgendem Link abrufbar: <a href=\"https:\/\/cesareturolla.com\/index.php\/impressum\/\">Datenschutzbestimmungen<\/a><\/p><h3><b>7. Teilung\u00fcltigkeit<\/b><\/h3><div><b>\u00a0<\/b><\/div><p>Sollten sich einzelne Bestimmungen dieser AGB als unwirksam oder undurchf\u00fchrbar erweisen oder unwirksam oder undurchf\u00fchrbar werden, so bleibt dadurch die Wirksamkeit der \u00fcbrigen Bestimmungen unber\u00fchrt.<\/p><h3><b>8. Weitere Bestimmungen<\/b><\/h3><div><b>\u00a0<\/b><\/div><p>Wildheart Coaching beh\u00e4lt sich ausdr\u00fccklich vor, die vorliegenden AGB jederzeit zu \u00e4ndern und ohne Ank\u00fcndigung in Kraft zu setzen.<br \/>Gerichtsstand von Wildheart Coaching ist Zug (Schweiz).<\/p><h3><b>9. Kontakt<\/b><\/h3><div><b>\u00a0<\/b><\/div><p>Bei Fragen zu diesen AGB bitte melden bei: <a href=\"https:\/\/cesareturolla.com\/index.php\/impressum\/\">Impressum<\/a><\/p><p>(Version 13. Oktober 2023)<\/p>\t\t\t\t\t\t\t\t<\/div>\n\t\t\t\t<\/div>\n\t\t\t\t\t<\/div>\n\t\t\t\t<\/div>\n\t\t\t\t\t<\/div>\n\t\t\t\t<\/div>\n\t\t\t\t<\/div>\n\t\t","protected":false},"excerpt":{"rendered":"<p>Allgemeine Gesch\u00e4ftsbedingungen (AGB) von Wildheart Coaching \u00a0 1. Geltungsbereich \u00a0 F\u00fcr alle Bestellungen \u00fcber diese Webseite gelten die nachfolgenden Allgemeinen Gesch\u00e4ftsbedingungen (AGB). Als Kundin oder Kunde<span class=\"excerpt-hellip\"> [\u2026]<\/span><\/p>\n","protected":false},"author":1,"featured_media":0,"parent":0,"menu_order":0,"comment_status":"closed","ping_status":"closed","template":"","meta":{"footnotes":""},"class_list":["post-579","page","type-page","status-publish","hentry"],"_links":{"self":[{"href":"https:\/\/cesareturolla.com\/index.php\/wp-json\/wp\/v2\/pages\/579","targetHints":{"allow":["GET"]}}],"collection":[{"href":"https:\/\/cesareturolla.com\/index.php\/wp-json\/wp\/v2\/pages"}],"about":[{"href":"https:\/\/cesareturolla.com\/index.php\/wp-json\/wp\/v2\/types\/page"}],"author":[{"embeddable":true,"href":"https:\/\/cesareturolla.com\/index.php\/wp-json\/wp\/v2\/users\/1"}],"replies":[{"embeddable":true,"href":"https:\/\/cesareturolla.com\/index.php\/wp-json\/wp\/v2\/comments?post=579"}],"version-history":[{"count":20,"href":"https:\/\/cesareturolla.com\/index.php\/wp-json\/wp\/v2\/pages\/579\/revisions"}],"predecessor-version":[{"id":706,"href":"https:\/\/cesareturolla.com\/index.php\/wp-json\/wp\/v2\/pages\/579\/revisions\/706"}],"wp:attachment":[{"href":"https:\/\/cesareturolla.com\/index.php\/wp-json\/wp\/v2\/media?parent=579"}],"curies":[{"name":"wp","href":"https:\/\/api.w.org\/{rel}","templated":true}]}}