{"id":591,"date":"2023-10-13T20:32:11","date_gmt":"2023-10-13T20:32:11","guid":{"rendered":"https:\/\/cesareturolla.com\/?page_id=591"},"modified":"2024-09-04T12:13:08","modified_gmt":"2024-09-04T12:13:08","slug":"impressum","status":"publish","type":"page","link":"https:\/\/cesareturolla.com\/index.php\/impressum\/","title":{"rendered":"Impressum &#038; Datenschutz"},"content":{"rendered":"\t\t<div data-elementor-type=\"wp-page\" data-elementor-id=\"591\" class=\"elementor elementor-591\" data-elementor-post-type=\"page\">\n\t\t\t\t<div class=\"elementor-element elementor-element-0d1db4a e-flex e-con-boxed e-con e-parent\" data-id=\"0d1db4a\" data-element_type=\"container\" data-e-type=\"container\">\n\t\t\t\t\t<div class=\"e-con-inner\">\n\t\t<div class=\"elementor-element elementor-element-afbd7f4 e-flex e-con-boxed e-con e-child\" data-id=\"afbd7f4\" data-element_type=\"container\" data-e-type=\"container\">\n\t\t\t\t\t<div class=\"e-con-inner\">\n\t\t\t\t<div class=\"elementor-element elementor-element-a4a5e82 elementor-widget elementor-widget-text-editor\" data-id=\"a4a5e82\" data-element_type=\"widget\" data-e-type=\"widget\" data-widget_type=\"text-editor.default\">\n\t\t\t\t<div class=\"elementor-widget-container\">\n\t\t\t\t\t\t\t\t\t<h3><span style=\"color: #fc5830;\"><b>Impressum<\/b><\/span><\/h3><div>\u00a0<\/div><div><h3><strong>Kontakt-Adresse<\/strong><\/h3><div><strong>\u00a0<\/strong><\/div><p><span style=\"color: #ffffff;\">Wildheart Coaching Cesare Turolla <\/span><br \/><span style=\"color: #ffffff;\"><span style=\"font-size: 15px;\">c\/o Karin Turolla<br \/>Bahnhofstrasse 29<br \/>6312 Steinhausen<br \/><\/span>CHE-398.826.717<\/span><\/p><p><span style=\"color: #ffffff;\">E-Mail: <a style=\"color: #ffffff;\" href=\"mailto:coach@cesareturolla.com\">coach@cesareturolla.com<\/a><\/span><\/p><h3><strong>Haftungsausschluss<\/strong><\/h3><div><strong>\u00a0<\/strong><\/div><p>Der Autor \u00fcbernimmt keinerlei Gew\u00e4hr hinsichtlich der inhaltlichen Richtigkeit, Genauigkeit, Aktualit\u00e4t, Zuverl\u00e4ssigkeit und Vollst\u00e4ndigkeit der Informationen.<\/p><p>Haftungsanspr\u00fcche gegen den Autor wegen Sch\u00e4den materieller oder immaterieller Art, welche aus dem Zugriff oder der Nutzung bzw. Nichtnutzung der ver\u00f6ffentlichten Informationen, durch Missbrauch der Verbindung oder durch technische St\u00f6rungen entstanden sind, werden ausgeschlossen.<\/p><p>Alle Angebote sind unverbindlich. Der Autor beh\u00e4lt es sich ausdr\u00fccklich vor, Teile der Seiten oder das gesamte Angebot ohne besondere Ank\u00fcndigung zu ver\u00e4ndern, zu erg\u00e4nzen, zu l\u00f6schen oder die Ver\u00f6ffentlichung zeitweise oder endg\u00fcltig einzustellen.<\/p><h3><strong>Haftungsausschluss f\u00fcr Links<\/strong><\/h3><div><strong>\u00a0<\/strong><\/div><p>Verweise und Links auf Webseiten Dritter liegen ausserhalb unseres Verantwortungsbereichs. Es wird jegliche Verantwortung f\u00fcr solche Webseiten abgelehnt. Der Zugriff und die Nutzung solcher Webseiten erfolgen auf eigene Gefahr des jeweiligen Nutzers.<\/p><h3><strong>Urheberrechte<\/strong><\/h3><div><strong>\u00a0<\/strong><\/div><p>Die Urheber- und alle anderen Rechte an Inhalten, Bildern, Fotos oder anderen Dateien auf dieser Website, geh\u00f6ren ausschliesslich\u00a0<strong>Cesare Turolla<\/strong>\u00a0oder den speziell genannten Rechteinhabern. F\u00fcr die Reproduktion jeglicher Elemente ist die schriftliche Zustimmung des Urheberrechtstr\u00e4gers im Voraus einzuholen.<\/p><\/div><div>\u00a0<\/div><div>\u00a0<\/div><h3><span style=\"color: #fc5830;\"><b>Datenschutzbestimmungen von Wildheart Coaching<\/b><\/span><\/h3><h3>1 Die Sicherheit der Nutzerdaten steht an erster Stelle<\/h3><div>\u00a0<\/div><p>Wildheart Coaching respektiert die Privatsph\u00e4re aller Nutzer der Webseite (nachfolgend &#8220;der Kunde&#8221; bzw. &#8220;die Kunden&#8221; genannt). Diese Datenschutzbestimmungen bilden die Grundlage f\u00fcr die Bearbeitung der personenbezogenen Daten und geben Aufschluss, welche Art von Nutzerdaten von Kunden durch Wildheart Coaching gesammelt werden, wie Wildheart Coaching diese Daten verwendet und welche Rechte den Kunden zustehen. Wildheart Coaching h\u00e4lt die geltenden Datenschutzrechte ein und verarbeitet die Personendaten einzig zu den Zwecken, f\u00fcr welche die Daten \u00fcbermittelt wurden.<\/p><p><strong>Diese Datenschutzbestimmungen werden von Zeit zu Zeit angepasst, erg\u00e4nzt oder ge\u00e4ndert. Mit jedem neuen Aufruf oder Besuch der Webseite gilt die jeweils aktuelle, abrufbare Version. <\/strong><\/p><p><strong>Sollten sich zwischen dieser Datenschutzerkl\u00e4rung und den sonst anwendbaren Vertrags- oder Gesch\u00e4ftsbedingungen von <\/strong>Wildheart Coaching<strong> Widerspr\u00fcche ergeben, so haben die Bestimmungen dieser Datenschutzerkl\u00e4rung Vorrang.<\/strong><\/p><h3>2 Art und Zweck der erfassten Daten<\/h3><div>\u00a0<\/div><p>Der Begriff \u201ePersonendaten\u201c oder \u201epersonenbezogene Daten\u201c im Sinne dieser Datenschutzerkl\u00e4rung umfasst Informationen, anhand deren die Kunden pers\u00f6nlich identifiziert werden k\u00f6nnen.<\/p><p>Unter der Bearbeitung von Personendaten versteht man jeden Umgang mit personenbezogenen Daten, wie beispielsweise erfassen, nutzen, speichern, bekannt geben, \u00fcbermitteln oder l\u00f6schen der Daten.<\/p><p>Wildheart Coaching erfasst einerseits Personendaten automatisch, wenn der Kunde mit der Webseite interagiert. Anderseits werden Personendaten automatisch oder manuell erfasst, welche ein Kunde zur Verf\u00fcgung stellt (z.B. durch Kontaktaufnahme oder Anmeldung \u00fcber das Formular).<\/p><h3><strong>2.1 <\/strong><strong>Daten, die automatisch erfasst werden<\/strong><\/h3><div><strong>\u00a0<\/strong><\/div><p>Beim Besuch der Webseite von Wildheart Coaching werden automatisch statistische Besucherdaten dar\u00fcber erhoben, welche Teile des Webangebots vom Kunden besucht werden. Bei jedem Aufruf einer Webseite speichert der Webserver automatisch ein sogenanntes Server-Logfile, das z.B. den Namen der angeforderten Datei, die IP-Adresse des Kunden, Datum und Uhrzeit des Abrufs, verwendeten Browser, Betriebssystem, \u00fcbertragene Datenmenge und den anfragenden Provider (Zugriffsdaten) enth\u00e4lt und den Abruf dokumentiert. In diesem Zusammenhang ist es teilweise erforderlich, dass sogenannte Cookies (vgl. Ziffer 4 unten) zum Einsatz kommen. \u00a0<\/p><p>Diese Zugriffsdaten werden ausschliesslich zum Zwecke der Sicherstellung eines st\u00f6rungsfreien Betriebs der Seite sowie der Verbesserung unseres Angebots ausgewertet.<\/p><h3><strong>2.2 <\/strong><strong>Daten bei Interaktion mit Wildheart Coaching zur Anmeldung oder Kontaktaufnahme<\/strong><\/h3><div><strong>\u00a0<\/strong><\/div><p>Wildheart Coaching nimmt keine automatische Sammlung von pers\u00f6nlichen Daten der Kunden, wie z.B. dem Namen, der Anschrift, Telefonnummer oder E-Mail-Adresse, vor.<\/p><p>Hingegen werden personenbezogene Daten von Kunden erhoben, wenn ein Kunde diese im Rahmen einer Bestellung oder bei einer Kontaktaufnahme mit Wildheart Coaching (z.B. per Kontaktformular oder E-Mail) freiwillig mitteilt. Pflichtfelder werden als solche gekennzeichnet, da Wildheart Coaching in diesen F\u00e4llen die Daten zwingend zur Vertragsabwicklung, bzw. zur Bearbeitung der Kontaktaufnahme ben\u00f6tigt und ohne deren Angabe die Bestellung bzw. die Kontaktaufnahme nicht versandt werden kann. Welche Daten erhoben werden, ist aus den jeweiligen Eingabeformularen ersichtlich.<\/p><p>Nach vollst\u00e4ndiger Abwicklung des Vertrages werden die Daten des Kunden f\u00fcr die weitere Verarbeitung eingeschr\u00e4nkt und nach Ablauf der steuer- und handelsrechtlichen Aufbewahrungsfristen gel\u00f6scht, sofern der Kunde nicht ausdr\u00fccklich in eine weitere Nutzung der Daten eingewilligt hat oder Wildheart Coaching sich eine dar\u00fcber hinausgehende Datenverwendung vorbeh\u00e4lt, die gesetzlich erlaubt ist.<\/p><h3><span style=\"font-size: 2rem;\">3 Rechtsgrundlage zum Erfassen und Bearbeiten von Personendaten<\/span><\/h3><p>Die Rechtsgrundlage f\u00fcr die Erfassung und Bearbeitung der Personendaten des Kunden h\u00e4ngt im Einzelfall vom jeweiligen Zweck der Datenbearbeitung ab. In Frage kommen namentlich:<\/p><ul><li>die Wahrung der berechtigten Interessen von Wildheart Coaching, sofern die Interessen des Kunden oder Grundrechte oder Grundfreiheiten nicht unangemessen beeintr\u00e4chtigt sind;<\/li><li>der Abschluss oder die Erf\u00fcllung eines Vertrages; oder<\/li><li>Einwilligung des Kunden im Zeitpunkt der Erfassung der Personendaten. Der Kunde kann seine Einwilligung jederzeit widerrufen. Zu diesem Zweck kann der Kunde eine entsprechende Mitteilung an die unten beschriebenen Kontaktangaben senden. Die Rechtm\u00e4ssigkeit der bereits erfolgten Datenbearbeitung bleibt vom Widerruf unber\u00fchrt.<\/li><\/ul><h3>4 Einsatz von Cookies und Verwendung der Daten<\/h3><div>\u00a0<\/div><h4><span style=\"color: #ffffff;\">4.1\u00a0\u00a0\u00a0\u00a0\u00a0\u00a0 Cookies<\/span><\/h4><div>\u00a0<\/div><p>Um den Webauftritt f\u00fcr die Kunden laufend zu verbessern, kann Wildheart Coaching Cookies einsetzen. Cookies sind kleine Software-Informationen, die durch Webbrowser (z.B. Google Chrome, Internet Explorer oder Mozilla Firefox) auf der Computerfestplatte des Kunden abgespeichert werden, um die Nutzung der Webseite zu erleichtern (z.B. Sprachwahl, Warenkorb, etc.).<\/p><p>Einige der von Wildheart Coaching verwendeten Cookies werden nach Ende der Browser-Sitzung, also nach Schliessen des Webbrowsers, wieder gel\u00f6scht (sog. Sitzungs-Cookies). Andere Cookies verbleiben auf dem Endger\u00e4t und erm\u00f6glichen es Wildheart Coaching, den Webbrowser des Kunden beim n\u00e4chsten Besuch wiederzuerkennen (sog. persistente Cookies). Die Dauer der Speicherung k\u00f6nnen der \u00dcbersicht in den Cookie-Einstellungen des Webbrowsers entnommen werden.<\/p><p>Die meisten Webbrowser akzeptieren solche Cookies automatisch, jedoch k\u00f6nnen die Webbrowser so konfiguriert werden, dass sie keine Cookies annehmen oder abspeichern. Bei der Deaktivierung von Cookies kann jedoch die Funktionalit\u00e4t der Website eingeschr\u00e4nkt sein. Einzelheiten hierzu sind der Bedienungsanleitung bzw. der Hilfe-Funktion des Webbrowsers zu entnehmen.<\/p><h4><span style=\"color: #ffffff;\">4.2\u00a0\u00a0\u00a0\u00a0\u00a0\u00a0 Verwendung der Daten<\/span><\/h4><div>\u00a0<\/div><p>Die anonymisierten Daten, welche beim Aufruf der Wildheart Coaching-Webseite mittels Cookies festgehalten werden, k\u00f6nnen zu Webanalysezwecken, zur Optimierung der Webseite und f\u00fcr die Messung der Performance eingesetzt werden. Wildheart Coaching kann daf\u00fcr Drittanbieter einsetzen, die teilweise eigene Datenschutzregelungen haben, auf welche Wildheart Coaching keinen Einfluss hat.<\/p><p>Wildheart Coaching nutzt Funktionen folgender Webanalysedienste:<\/p><p><strong>Google Analytics\u00a0\u00a0\u00a0\u00a0\u00a0 <br \/><\/strong>Anbieter ist Google Inc., 1600 Amphitheatre Parkway, Mountain View, CA 94043, USA.<\/p><p>Google wertet die Nutzung der Website aus, um Reports \u00fcber die Websiteaktivit\u00e4ten zusammenzustellen und um weitere mit der Websitenutzung und der Internetnutzung verbundene Dienstleistungen gegen\u00fcber Wildheart Coaching zu erbringen. Die im Rahmen von Google Analytics vom Webbrowser des Kunden \u00fcbermittelte IP-Adresse wird nicht mit anderen Daten von Google zusammengef\u00fchrt.<\/p><p>Die durch Cookies erzeugten Informationen \u00fcber die Benutzung der Website werden in der Regel an einen Server von Google in den USA \u00fcbertragen und dort gespeichert. Google beachtet die Datenschutzbestimmungen des \u00abSwiss-U.S. Privacy Shield\u00bb-Abkommens und hat sich beim US-Handelsministerium f\u00fcr das \u00abSwiss-U.S. Privacy Shield\u00bb registrieren lassen (Informationen zum Swiss-U.S. Privacy Shield finden Sie unter <a href=\"https:\/\/www.privacyshield.gov\/Swiss-US-Privacy-Shield-FAQs\">https:\/\/www.privacyshield.gov\/Swiss-US-Privacy-Shield-FAQs<\/a>).<\/p><p>Weitere Informationen finden Sie in der Datenschutzerkl\u00e4rung von Google unter <a href=\"https:\/\/support.google.com\/analytics\/answer\/6004245?hl=de\">https:\/\/support.google.com\/analytics\/answer\/6004245?hl=de<\/a>.<\/p><p><strong>Google AdWords und Google Conversion-Tracking\u00a0\u00a0\u00a0\u00a0\u00a0\u00a0 <br \/><\/strong>Anbieter ist Google Inc., 1600 Amphitheatre Parkway, Mountain View, CA 94043, USA.<\/p><p>Im Rahmen von Google AdWords nutzt Wildheart Coaching das so genannte Conversion-Tracking. Wenn der Kunde auf eine von Google geschaltete Anzeige klicken, wird ein Cookie f\u00fcr das Conversion-Tracking gesetzt. Diese Cookies verlieren sp\u00e4testens nach 30 Tagen ihre G\u00fcltigkeit und dienen nicht zur Identifizierung des Kunden. Wenn der Kunde Website von Wildheart Coaching besucht und das Cookie noch nicht abgelaufen ist, k\u00f6nnen Google und Wildheart Coaching erkennen, dass der Kunde auf die Anzeige geklickt hat und zu dieser Seite weitergeleitet wurde.<\/p><p>Wildheart Coaching erf\u00e4hrt von Google die Gesamtanzahl der Nutzer, die auf die Anzeige geklickt haben und zu mit einem Conversion-Tracking-Tag versehenen Website weitergeleitet wurden. Wildheart Coaching erh\u00e4lt jedoch keine Informationen, mit denen der Kunde pers\u00f6nlich identifiziert werden kann.<\/p><p>Weitere Informationen finden Sie in der Datenschutzerkl\u00e4rung von Google unter <a href=\"https:\/\/www.google.de\/policies\/privacy\/\">https:\/\/www.google.de\/policies\/privacy\/<\/a>.<\/p><p><strong>Google Maps <br \/><\/strong>Anbieter ist Google Ireland Limited, Gordon House, Barrow Street, Dublin 4, Irland.<\/p><p>Wildheart Coaching verwendet Google Maps zur visuellen Darstellung von geographischen Informationen. Bei der Verwendung von Google Maps werden von Google Daten \u00fcber die Nutzung der Maps-Funktionen durch Webseitenbesucher \u00fcbermittelt bzw. verarbeitet, wozu insbesondere die IP-Adresse sowie Standortdaten geh\u00f6ren k\u00f6nnen. Wildheart Coaching hat keinen Einfluss auf diese Datenverarbeitung.<\/p><p>Soweit Informationen auf Server von Google in den USA \u00fcbertragen und dort gespeichert werden, ist die amerikanische Gesellschaft Google LLC unter dem \u00abSwiss-U.S. Privacy Shield\u00bb zertifiziert.<\/p><p>Um den Service von Google Maps zu deaktivieren und damit die Daten\u00fcbermittlung an Google zu verhindern, muss ein Kunde die Java-Script-Funktion im Webbrowser deaktivieren. In diesem Fall kann Google Maps nicht bzw. nur eingeschr\u00e4nkt genutzt werden.<\/p><p>Weitere Informationen finden Sie in der Datenschutzerkl\u00e4rung von Google unter<br \/><a href=\"https:\/\/www.google.com\/intl\/de_de\/help\/terms_maps\/\">https:\/\/www.google.com\/intl\/de_de\/help\/terms_maps\/<\/a>.<\/p><h4><span style=\"color: #ffffff;\">4.3\u00a0\u00a0\u00a0\u00a0\u00a0\u00a0 Social-Media Content<\/span><\/h4><div>\u00a0<\/div><p>Wildheart Coaching kann auf der Webseite Social Media Plugins von sozialen Netzwerken, wie z.B. von Facebook, Instagram oder Twitter verwenden.<\/p><p>Wenn der Kunde eine Webseite aufruft, die ein solches Plugin enth\u00e4lt, stellt der Webbrowser eine direkte Verbindung zu den Servern des jeweiligen sozialen Netzwerks her. Der Inhalt des Plugins wird vom jeweiligen Anbieter direkt an den Webbrowser \u00fcbermittelt und in die Seite eingebunden. Durch die Einbindung der Plugins erhalten die Anbieter die Information, dass der Webbrowser des Kunden die entsprechende Webseite von Wildheart Coaching aufgerufen hat, auch wenn der Kunde kein Profil beim entsprechenden sozialen Netzwerk besitzt oder gerade nicht eingeloggt ist. Diese Information (einschlie\u00dflich der IP-Adresse) wird vom Webbrowser des Kunden direkt an einen Server des jeweiligen Anbieters (ggf. in die USA) \u00fcbermittelt und dort gespeichert. Ist der Kunde bei einem der Dienste eingeloggt, k\u00f6nnen die Anbieter des sozialen Netzwerks den Besuch auf der Webseite von Wildheart Coaching dem Profil in dem jeweiligen sozialen Netzwerk unmittelbar zuordnen. Wenn der Kunde mit den Plugins interagiert, zum Beispiel den \u201eLike\u201c- oder den \u201eShare\u201c-Button bet\u00e4tigt, wird die entsprechende Information ebenfalls direkt an einen Server der Anbieter \u00fcbermittelt und dort gespeichert. Die Informationen werden au\u00dferdem in dem sozialen Netzwerk ver\u00f6ffentlicht und dort den Kontakten des Kunden angezeigt.<\/p><p>Diese sozialen Netzwerkplattformen haben eigene Datenschutzregelungen, auf welche Wildheart Coaching keinen Einfluss hat.<\/p><p>Zweck und Umfang der Datenerhebung und die weitere Verarbeitung und Nutzung der Daten durch die Anbieter auf deren Seiten sowie eine Kontaktm\u00f6glichkeit und die diesbez\u00fcglichen Rechte der Kunden und Einstellungsm\u00f6glichkeiten zum Schutz der Privatsph\u00e4re sind Datenschutzhinweisen der Anbieter zu entnehmen:<\/p><p><a href=\"https:\/\/www.facebook.com\/policy.php\">https:\/\/www.facebook.com\/policy.php<\/a><\/p><p><a href=\"https:\/\/twitter.com\/de\/privacy\">https:\/\/twitter.com\/de\/privacy<\/a><\/p><p><a href=\"https:\/\/help.instagram.com\/155833707900388\">https:\/\/help.instagram.com\/155833707900388<\/a><\/p><p>W\u00fcnscht der Kunde, dass keine dieser Plugins geladen werden, wird empfohlen, sich vom entsprechenden sozialen Netzwerken auszuloggen. Des Weiteren k\u00f6nnen verschiedene Webbrowser so eingestellt oder mit Add-Ons (z.B. Facebook-Blocker) erg\u00e4nzt werden, dass die Social-Media-Plugins nicht geladen werden.<\/p><h3>5 Newsletter<\/h3><div>\u00a0<\/div><p>Wenn der Kunde einen von Wildheart Coaching angebotenen Newsletter beziehen m\u00f6chten, ben\u00f6tigt Wildheart Coaching eine E-Mail-Adresse des Kunden und sonstige Informationen, welche die \u00dcberpr\u00fcfung gestatten, dass der Kunde der Inhaber der angegebenen E-Mail-Adresse ist und mit dem Empfang des Newsletters einverstanden ist (sog. \u00abdouble-opt-in\u00bb Verfahren).<\/p><p>Mit dem Newsletter erh\u00e4lt der Kunde regelm\u00e4ssig Empfehlungen und Angebote, die diesen interessieren k\u00f6nnte. Dazu erhebt und bearbeitet Wildheart Coaching Personendaten betreffend das Nutzungsverhalten des Kunden auf der Website, den Bestellungen bei Wildheart Coaching sowie dar\u00fcber, wie der Kunde den Newsletter nutzt (z.B. ob der Newsletter ge\u00f6ffnet wird oder auf welche Web-URL-Links geklickt wird). Wildheart Coaching kann diese Daten f\u00fcr statistische Zwecke auswerten, um den Inhalt der Newsletter besser auf die Interessen der Kunden abzustimmen.\u00a0<\/p><p>Die Bearbeitung der in das Newsletter-Anmeldeformular eingegebenen Personendaten erfolgt, gest\u00fctzt auf die Einwilligung des Kunden, welche dieser jederzeit f\u00fcr die Zukunft widerrufen kann. Der Widerruf erfolgt entweder \u00fcber den \u00abAustragen\u00bb-Link im Newsletter, schriftliche Mitteilung des Kunden an Wildheart Coaching an die unten aufgef\u00fchrte Adresse oder die Abmeldung im Kundenkonto. Die erhobenen Personendaten verwendet Wildheart Coaching f\u00fcr die inhaltliche Gestaltung und den Versand der Newsletter. Es erfolgt keine Weitergabe an Dritte f\u00fcr eigene (Werbe-) Zwecke.<\/p><p>Wildheart Coaching speichert die vom Kunden zum Zwecke des Newsletter-Bezugs hinterlegten Personendaten, bis sich der Kunde vom Newsletter wieder abmeldet.\u00a0<\/p><h3>6 Weitergabe Ihrer Daten<\/h3><div>\u00a0<\/div><p>Wildheart Coaching wird die personenbezogenen Daten von Kunden gegen\u00fcber Dritten nicht offenlegen. Ausgenommen davon ist, wenn der Kunde der Weitergabe der Daten an Unternehmen, die nicht mit Wildheart Coaching verbunden sind, zugestimmt hat oder wenn Wildheart Coaching hierzu gesetzlich, beh\u00f6rdlich oder gerichtlich verpflichtet wird. Ausserdem wenn Dienstleister, welche Wildheart Coaching in der Datenverarbeitung, der Verwaltung der Webseite oder auf sonstige Weise sowie bei der Erbringung der vom Kunden angeforderten Produkte und Dienstleistungen unterst\u00fctzen, beigezogen werden (z.B. Paket- oder Newsletterversanddienstleister). Diese Dritten werden verpflichtet, das gleiche Mass an Sicherheit und Datenschutz einzuhalten, wie Wildheart Coaching.<\/p><h3>7 Datensicherheit<\/h3><div>\u00a0<\/div><p>Die \u00dcbermittlung von Daten \u00fcber das Internet ist leider nicht absolut sicher. Wildheart Coaching arbeitet mit Dienstleistern und Internetanbietern zusammen, welche angemessene technische und organisatorische Sicherheitsvorkehrungen treffen, um die personenbezogenen Daten der Kunden zu sch\u00fctzen. Wildheart Coaching kann jedoch keine Garantie f\u00fcr die Sicherheit der vom Kunden \u00fcbermittelten Daten \u00fcbernehmen. Jede Daten\u00fcbertragung erfolgt daher auf eigenes Risiko.<\/p><h3>8 Ihre Informations- und Widerrufsrechte<\/h3><div>\u00a0<\/div><p>Selbstverst\u00e4ndlich steht es jedem Kunden frei, Wildheart Coaching jederzeit &#8211; beispielsweise in einer E-Mail &#8211; mitzuteilen, dass die personenbezogenen Daten zuk\u00fcnftig nicht zur Kontaktaufnahme verwendet werden sollen. Auch die Teilnahme an den besonderen Services der Wildheart Coaching-Webseite, wie dem Newsletter-Service, kann jederzeit widerrufen werden.<\/p><p>Zus\u00e4tzlich besteht die M\u00f6glichkeit, Informationen zur Verarbeitung der Daten einzuholen oder eine Kopie der personenbezogenen Daten, welche \u00fcber die Wildheart Coaching-Webseite erhoben wurden, zu verlangen.<\/p><h3>9 Kontakt<\/h3><div>\u00a0<\/div><p>Bei Fragen zu dieser Datenschutzerkl\u00e4rung oder dem Datenschutz bei Wildheart Coaching kann sich ein Kunde unter nachfolgenden Kontaktangaben an Wildheart Coaching wenden:<\/p><p><span style=\"color: #ffffff;\">Wildheart Coaching Cesare Turolla <\/span><br \/><span style=\"color: #ffffff;\"><span style=\"font-size: 15px;\">c\/o Karin Turolla<br \/>Bahnhofstrasse 29<br \/>6312 Steinhausen<br \/><\/span>CHE-398.826.717<\/span><br \/><a href=\"mailto:coach@cesareturolla.com\">coach@cesareturolla.com<\/a><\/p><h3>10 Schlussbestimmungen<\/h3><div>\u00a0<\/div><p>Sollten sich einzelne Bestimmungen oder Teile dieser Datenschutzbestimmungen als nichtig oder unwirksam erweisen, so wird dadurch die G\u00fcltigkeit der Datenschutzbestimmungen im \u00dcbrigen nicht ber\u00fchrt.<\/p><p>Der Gerichtsstand und das anwendbare Recht richten sich nach den <a href=\"https:\/\/cesareturolla.com\/index.php\/agb\/\">AGB<\/a><\/p><p>(Version 13. Oktober 2023)<\/p>\t\t\t\t\t\t\t\t<\/div>\n\t\t\t\t<\/div>\n\t\t\t\t\t<\/div>\n\t\t\t\t<\/div>\n\t\t\t\t\t<\/div>\n\t\t\t\t<\/div>\n\t\t\t\t<\/div>\n\t\t","protected":false},"excerpt":{"rendered":"<p>Impressum \u00a0 Kontakt-Adresse \u00a0 Wildheart Coaching Cesare Turolla c\/o Karin TurollaBahnhofstrasse 296312 SteinhausenCHE-398.826.717 E-Mail: coach@cesareturolla.com Haftungsausschluss \u00a0 Der Autor \u00fcbernimmt keinerlei Gew\u00e4hr hinsichtlich der inhaltlichen Richtigkeit,<span class=\"excerpt-hellip\"> [\u2026]<\/span><\/p>\n","protected":false},"author":1,"featured_media":0,"parent":0,"menu_order":0,"comment_status":"closed","ping_status":"closed","template":"","meta":{"footnotes":""},"class_list":["post-591","page","type-page","status-publish","hentry"],"_links":{"self":[{"href":"https:\/\/cesareturolla.com\/index.php\/wp-json\/wp\/v2\/pages\/591","targetHints":{"allow":["GET"]}}],"collection":[{"href":"https:\/\/cesareturolla.com\/index.php\/wp-json\/wp\/v2\/pages"}],"about":[{"href":"https:\/\/cesareturolla.com\/index.php\/wp-json\/wp\/v2\/types\/page"}],"author":[{"embeddable":true,"href":"https:\/\/cesareturolla.com\/index.php\/wp-json\/wp\/v2\/users\/1"}],"replies":[{"embeddable":true,"href":"https:\/\/cesareturolla.com\/index.php\/wp-json\/wp\/v2\/comments?post=591"}],"version-history":[{"count":8,"href":"https:\/\/cesareturolla.com\/index.php\/wp-json\/wp\/v2\/pages\/591\/revisions"}],"predecessor-version":[{"id":703,"href":"https:\/\/cesareturolla.com\/index.php\/wp-json\/wp\/v2\/pages\/591\/revisions\/703"}],"wp:attachment":[{"href":"https:\/\/cesareturolla.com\/index.php\/wp-json\/wp\/v2\/media?parent=591"}],"curies":[{"name":"wp","href":"https:\/\/api.w.org\/{rel}","templated":true}]}}